{"id":716,"date":"2021-04-28T13:21:23","date_gmt":"2021-04-28T11:21:23","guid":{"rendered":"https:\/\/soluciofinancera.com\/quienes-somos\/"},"modified":"2021-04-28T13:21:24","modified_gmt":"2021-04-28T11:21:24","slug":"quienes-somos","status":"publish","type":"page","link":"https:\/\/soluciofinancera.com\/es\/quienes-somos\/","title":{"rendered":"Qui\u00e9nes somos"},"content":{"rendered":"\t\t<div data-elementor-type=\"wp-page\" data-elementor-id=\"716\" class=\"elementor elementor-716 elementor-412\" data-elementor-post-type=\"page\">\n\t\t\t\t\t\t<section class=\"elementor-section elementor-top-section elementor-element elementor-element-8795a8f elementor-section-boxed elementor-section-height-default elementor-section-height-default\" data-id=\"8795a8f\" data-element_type=\"section\" data-settings=\"{&quot;background_background&quot;:&quot;classic&quot;}\">\n\t\t\t\t\t\t<div class=\"elementor-container elementor-column-gap-default\">\n\t\t\t\t\t<div class=\"elementor-column elementor-col-100 elementor-top-column elementor-element elementor-element-54f42e4\" data-id=\"54f42e4\" data-element_type=\"column\">\n\t\t\t<div class=\"elementor-widget-wrap elementor-element-populated\">\n\t\t\t\t\t\t<div class=\"elementor-element elementor-element-9343ea6 titolcentrat elementor-widget elementor-widget-heading\" data-id=\"9343ea6\" data-element_type=\"widget\" data-widget_type=\"heading.default\">\n\t\t\t\t<div class=\"elementor-widget-container\">\n\t\t\t\t\t<h3 class=\"elementor-heading-title elementor-size-default\">Sobre nosotros<\/h3>\t\t\t\t<\/div>\n\t\t\t\t<\/div>\n\t\t\t\t<section class=\"elementor-section elementor-inner-section elementor-element elementor-element-75c2f50 elementor-section-content-middle elementor-section-boxed elementor-section-height-default elementor-section-height-default\" data-id=\"75c2f50\" data-element_type=\"section\" data-settings=\"{&quot;background_background&quot;:&quot;classic&quot;,&quot;animation&quot;:&quot;none&quot;}\">\n\t\t\t\t\t\t<div class=\"elementor-container elementor-column-gap-no\">\n\t\t\t\t\t<div class=\"elementor-column elementor-col-50 elementor-inner-column elementor-element elementor-element-3139023\" data-id=\"3139023\" data-element_type=\"column\">\n\t\t\t<div class=\"elementor-widget-wrap elementor-element-populated\">\n\t\t\t\t\t\t<div class=\"elementor-element elementor-element-8bd47a7 elementor-widget elementor-widget-text-editor\" data-id=\"8bd47a7\" data-element_type=\"widget\" data-widget_type=\"text-editor.default\">\n\t\t\t\t<div class=\"elementor-widget-container\">\n\t\t\t\t\t\t\t\t\t<p><strong>Soluci\u00f3 Financera<\/strong> somos un centro hipotecario con m\u00e1s de 10 a\u00f1os de experiencia en el sector inmobiliario. Nuestra visi\u00f3n se basa en ofrecer el servicio m\u00e1s innovador, exclusivo y personalizado que mejor se adapte a nuestros clientes.<\/p>\n<p>Como su nombre indica, ofrecemos las soluciones financieras que mejor se adaptan a las necesidades espec\u00edficas de cada caso, para conseguir los mejores resultados y ofrecer los servicios con la m\u00e1xima seguridad, transparencia, proximidad y profesionalidad de todo nuestro equipo .<\/p>\n\t\t\t\t\t\t\t\t<\/div>\n\t\t\t\t<\/div>\n\t\t\t\t\t<\/div>\n\t\t<\/div>\n\t\t\t\t<div class=\"elementor-column elementor-col-50 elementor-inner-column elementor-element elementor-element-87fd3b8\" data-id=\"87fd3b8\" data-element_type=\"column\">\n\t\t\t<div class=\"elementor-widget-wrap elementor-element-populated\">\n\t\t\t\t\t\t<div class=\"elementor-element elementor-element-b8ccd12 elementor-widget elementor-widget-image\" data-id=\"b8ccd12\" data-element_type=\"widget\" data-widget_type=\"image.default\">\n\t\t\t\t<div class=\"elementor-widget-container\">\n\t\t\t\t\t\t\t\t\t\t\t\t\t\t\t<img fetchpriority=\"high\" decoding=\"async\" width=\"800\" height=\"534\" src=\"https:\/\/soluciofinancera.com\/wp-content\/uploads\/2021\/04\/qui-som.jpg\" class=\"attachment-large size-large wp-image-428\" alt=\"\" srcset=\"https:\/\/soluciofinancera.com\/wp-content\/uploads\/2021\/04\/qui-som.jpg 1000w, https:\/\/soluciofinancera.com\/wp-content\/uploads\/2021\/04\/qui-som-300x200.jpg 300w, https:\/\/soluciofinancera.com\/wp-content\/uploads\/2021\/04\/qui-som-768x512.jpg 768w\" sizes=\"(max-width: 800px) 100vw, 800px\" \/>\t\t\t\t\t\t\t\t\t\t\t\t\t\t\t<\/div>\n\t\t\t\t<\/div>\n\t\t\t\t\t<\/div>\n\t\t<\/div>\n\t\t\t\t\t<\/div>\n\t\t<\/section>\n\t\t\t\t\t<\/div>\n\t\t<\/div>\n\t\t\t\t\t<\/div>\n\t\t<\/section>\n\t\t\t\t<section class=\"elementor-section elementor-top-section elementor-element elementor-element-a257994 elementor-section-boxed elementor-section-height-default elementor-section-height-default\" data-id=\"a257994\" data-element_type=\"section\" data-settings=\"{&quot;background_background&quot;:&quot;classic&quot;}\">\n\t\t\t\t\t\t<div class=\"elementor-container elementor-column-gap-default\">\n\t\t\t\t\t<div class=\"elementor-column elementor-col-50 elementor-top-column elementor-element elementor-element-551b842\" data-id=\"551b842\" data-element_type=\"column\">\n\t\t\t<div class=\"elementor-widget-wrap elementor-element-populated\">\n\t\t\t\t\t\t<div class=\"elementor-element elementor-element-4eb20d9 elementor-widget elementor-widget-text-editor\" data-id=\"4eb20d9\" data-element_type=\"widget\" data-widget_type=\"text-editor.default\">\n\t\t\t\t<div class=\"elementor-widget-container\">\n\t\t\t\t\t\t\t\t\t<p>Situados en el Vall\u00e8s Occidental, estamos preparados para continuar form\u00e1ndonos y adaptando nuestro trabajo a los cambios que se producen en el entorno financiero.<\/p>\n\t\t\t\t\t\t\t\t<\/div>\n\t\t\t\t<\/div>\n\t\t\t\t\t<\/div>\n\t\t<\/div>\n\t\t\t\t<div class=\"elementor-column elementor-col-50 elementor-top-column elementor-element elementor-element-7bd7e6c\" data-id=\"7bd7e6c\" data-element_type=\"column\">\n\t\t\t<div class=\"elementor-widget-wrap elementor-element-populated\">\n\t\t\t\t\t\t<div class=\"elementor-element elementor-element-e2add06 elementor-widget elementor-widget-text-editor\" data-id=\"e2add06\" data-element_type=\"widget\" data-widget_type=\"text-editor.default\">\n\t\t\t\t<div class=\"elementor-widget-container\">\n\t\t\t\t\t\t\t\t\t<p>Nuestra experiencia ha hecho que nos encontramos preparados para responder r\u00e1pidamente a las necesidades de los clientes y solucionar los problemas de la manera m\u00e1s r\u00e1pida y eficaz posible.<\/p>\n\t\t\t\t\t\t\t\t<\/div>\n\t\t\t\t<\/div>\n\t\t\t\t\t<\/div>\n\t\t<\/div>\n\t\t\t\t\t<\/div>\n\t\t<\/section>\n\t\t\t\t<section class=\"elementor-section elementor-top-section elementor-element elementor-element-d33488b elementor-section-boxed elementor-section-height-default elementor-section-height-default\" data-id=\"d33488b\" data-element_type=\"section\" data-settings=\"{&quot;background_background&quot;:&quot;classic&quot;}\">\n\t\t\t\t\t\t\t<div class=\"elementor-background-overlay\"><\/div>\n\t\t\t\t\t\t\t<div class=\"elementor-container elementor-column-gap-default\">\n\t\t\t\t\t<div class=\"elementor-column elementor-col-100 elementor-top-column elementor-element elementor-element-6f6ddba\" data-id=\"6f6ddba\" data-element_type=\"column\">\n\t\t\t<div class=\"elementor-widget-wrap elementor-element-populated\">\n\t\t\t\t\t\t<div class=\"elementor-element elementor-element-5a2c23c titolcentrat elementor-widget elementor-widget-heading\" data-id=\"5a2c23c\" data-element_type=\"widget\" data-widget_type=\"heading.default\">\n\t\t\t\t<div class=\"elementor-widget-container\">\n\t\t\t\t\t<h3 class=\"elementor-heading-title elementor-size-default\">M\u00e1s de 10 a\u00f1os de experiencia<\/h3>\t\t\t\t<\/div>\n\t\t\t\t<\/div>\n\t\t\t\t<div class=\"elementor-element elementor-element-a6ca9f2 elementor-widget elementor-widget-text-editor\" data-id=\"a6ca9f2\" data-element_type=\"widget\" data-widget_type=\"text-editor.default\">\n\t\t\t\t<div class=\"elementor-widget-container\">\n\t\t\t\t\t\t\t\t\t<p>A lo largo de nuestro recorrido dentro del sector, hemos conseguido llevar a cabo multitud de proyectos y cautivar a un gran n\u00famero de clientes que han depositado su confianza en nosotros, consiguiendo satisfacer sus necesidades y cumplir todos sus objetivos.<\/p>\n\t\t\t\t\t\t\t\t<\/div>\n\t\t\t\t<\/div>\n\t\t\t\t<section class=\"elementor-section elementor-inner-section elementor-element elementor-element-f9082e0 elementor-section-boxed elementor-section-height-default elementor-section-height-default\" data-id=\"f9082e0\" data-element_type=\"section\">\n\t\t\t\t\t\t<div class=\"elementor-container elementor-column-gap-default\">\n\t\t\t\t\t<div class=\"elementor-column elementor-col-33 elementor-inner-column elementor-element elementor-element-1eb1f68\" data-id=\"1eb1f68\" data-element_type=\"column\">\n\t\t\t<div class=\"elementor-widget-wrap elementor-element-populated\">\n\t\t\t\t\t\t<div class=\"elementor-element elementor-element-0b0405d elementor-view-default elementor-position-block-start elementor-mobile-position-block-start elementor-widget elementor-widget-icon-box\" data-id=\"0b0405d\" data-element_type=\"widget\" data-widget_type=\"icon-box.default\">\n\t\t\t\t<div class=\"elementor-widget-container\">\n\t\t\t\t\t\t\t<div class=\"elementor-icon-box-wrapper\">\n\n\t\t\t\t\t\t<div class=\"elementor-icon-box-icon\">\n\t\t\t\t<span  class=\"elementor-icon\">\n\t\t\t\t<svg xmlns=\"http:\/\/www.w3.org\/2000\/svg\" width=\"32\" height=\"32\" viewBox=\"0 0 32 32\"><title>chart-growth<\/title><path d=\"M5.6 32h-4.8c-0.442 0-0.8-0.358-0.8-0.8v-11.2c0-0.442 0.358-0.8 0.8-0.8h4.8c0.442 0 0.8 0.358 0.8 0.8v11.2c0 0.442-0.358 0.8-0.8 0.8zM1.6 30.4h3.2v-9.6h-3.2v9.6zM13.6 32h-4.8c-0.442 0-0.8-0.358-0.8-0.8v-16c0-0.442 0.358-0.8 0.8-0.8h4.8c0.442 0 0.8 0.358 0.8 0.8v16c0 0.442-0.358 0.8-0.8 0.8zM9.6 30.4h3.2v-14.4h-3.2v14.4zM21.6 32h-4.8c-0.442 0-0.8-0.358-0.8-0.8v-14.4c0-0.442 0.358-0.8 0.8-0.8h4.8c0.442 0 0.8 0.358 0.8 0.8v14.4c0 0.442-0.358 0.8-0.8 0.8zM17.6 30.4h3.2v-12.8h-3.2v12.8zM29.6 32h-4.8c-0.442 0-0.8-0.358-0.8-0.8v-20.8c0-0.442 0.358-0.8 0.8-0.8h4.8c0.442 0 0.8 0.358 0.8 0.8v20.8c0 0.442-0.358 0.8-0.8 0.8zM25.6 30.4h3.2v-19.2h-3.2v19.2zM28.566 1.834c-0.214-0.214-0.531-0.29-0.819-0.194l-4.8 1.6c-0.419 0.139-0.646 0.592-0.506 1.011s0.594 0.646 1.011 0.506l1.586-0.528-6.872 6.872c-0.341 0.341-0.979 0.387-1.366 0.098l-3.84-2.88c-0.998-0.749-2.539-0.717-3.506 0.074l-7.562 6.187c-0.342 0.28-0.392 0.784-0.112 1.126 0.158 0.194 0.387 0.293 0.619 0.293 0.178 0 0.357-0.059 0.506-0.181l7.562-6.187c0.394-0.323 1.125-0.338 1.531-0.032l3.84 2.88c1.029 0.771 2.547 0.664 3.458-0.246l6.872-6.872-0.528 1.586c-0.139 0.419 0.086 0.872 0.506 1.011 0.083 0.029 0.17 0.042 0.253 0.042 0.334 0 0.646-0.213 0.758-0.547l1.6-4.8c0.096-0.288 0.021-0.605-0.194-0.819z\"><\/path><\/svg>\t\t\t\t<\/span>\n\t\t\t<\/div>\n\t\t\t\n\t\t\t\t\t\t<div class=\"elementor-icon-box-content\">\n\n\t\t\t\t\n\t\t\t\t\t\t\t\t\t<p class=\"elementor-icon-box-description\">\n\t\t\t\t\t\tLlegamos donde tu banco no llega\t\t\t\t\t<\/p>\n\t\t\t\t\n\t\t\t<\/div>\n\t\t\t\n\t\t<\/div>\n\t\t\t\t\t\t<\/div>\n\t\t\t\t<\/div>\n\t\t\t\t\t<\/div>\n\t\t<\/div>\n\t\t\t\t<div class=\"elementor-column elementor-col-33 elementor-inner-column elementor-element elementor-element-80f75f2\" data-id=\"80f75f2\" data-element_type=\"column\">\n\t\t\t<div class=\"elementor-widget-wrap elementor-element-populated\">\n\t\t\t\t\t\t<div class=\"elementor-element elementor-element-b4f9767 elementor-view-default elementor-position-block-start elementor-mobile-position-block-start elementor-widget elementor-widget-icon-box\" data-id=\"b4f9767\" data-element_type=\"widget\" data-widget_type=\"icon-box.default\">\n\t\t\t\t<div class=\"elementor-widget-container\">\n\t\t\t\t\t\t\t<div class=\"elementor-icon-box-wrapper\">\n\n\t\t\t\t\t\t<div class=\"elementor-icon-box-icon\">\n\t\t\t\t<span  class=\"elementor-icon\">\n\t\t\t\t<svg xmlns=\"http:\/\/www.w3.org\/2000\/svg\" width=\"32\" height=\"32\" viewBox=\"0 0 32 32\"><title>users2<\/title><path d=\"M29.6 28.8h-17.6c-1.323 0-2.4-1.077-2.4-2.4 0-0.077 0.018-1.904 1.478-3.704 0.84-1.034 1.986-1.853 3.405-2.435 1.714-0.704 3.84-1.059 6.317-1.059s4.602 0.357 6.317 1.059c1.419 0.582 2.565 1.402 3.405 2.435 1.462 1.8 1.478 3.627 1.478 3.704 0 1.323-1.077 2.4-2.4 2.4zM11.2 26.405c0.002 0.44 0.36 0.795 0.8 0.795h17.6c0.44 0 0.798-0.357 0.8-0.795-0.002-0.056-0.051-1.432-1.182-2.774-1.558-1.851-4.469-2.829-8.418-2.829s-6.859 0.979-8.418 2.829c-1.131 1.344-1.181 2.718-1.182 2.774zM20.8 17.6c-3.53 0-6.4-2.87-6.4-6.4s2.87-6.4 6.4-6.4 6.4 2.87 6.4 6.4c0 3.53-2.87 6.4-6.4 6.4zM20.8 6.4c-2.646 0-4.8 2.154-4.8 4.8s2.154 4.8 4.8 4.8 4.8-2.154 4.8-4.8-2.154-4.8-4.8-4.8zM7.2 28.8h-4.8c-1.323 0-2.4-1.077-2.4-2.4 0-0.059 0.013-1.483 1.061-2.88 0.605-0.808 1.43-1.446 2.453-1.901 1.222-0.544 2.733-0.819 4.488-0.819 0.286 0 0.57 0.008 0.843 0.022 0.442 0.024 0.779 0.4 0.757 0.842s-0.4 0.781-0.842 0.757c-0.245-0.013-0.499-0.019-0.757-0.019-6.23 0-6.395 3.806-6.4 4.005 0.002 0.438 0.36 0.795 0.8 0.795h4.8c0.442 0 0.8 0.358 0.8 0.8s-0.358 0.8-0.8 0.8zM8 19.2c-2.646 0-4.8-2.154-4.8-4.8s2.154-4.8 4.8-4.8 4.8 2.154 4.8 4.8-2.154 4.8-4.8 4.8zM8 11.2c-1.765 0-3.2 1.435-3.2 3.2s1.435 3.2 3.2 3.2 3.2-1.435 3.2-3.2c0-1.765-1.435-3.2-3.2-3.2z\"><\/path><\/svg>\t\t\t\t<\/span>\n\t\t\t<\/div>\n\t\t\t\n\t\t\t\t\t\t<div class=\"elementor-icon-box-content\">\n\n\t\t\t\t\n\t\t\t\t\t\t\t\t\t<p class=\"elementor-icon-box-description\">\n\t\t\t\t\t\tTe acompa\u00f1amos en todo el proceso\t\t\t\t\t<\/p>\n\t\t\t\t\n\t\t\t<\/div>\n\t\t\t\n\t\t<\/div>\n\t\t\t\t\t\t<\/div>\n\t\t\t\t<\/div>\n\t\t\t\t\t<\/div>\n\t\t<\/div>\n\t\t\t\t<div class=\"elementor-column elementor-col-33 elementor-inner-column elementor-element elementor-element-c4c50de\" data-id=\"c4c50de\" data-element_type=\"column\">\n\t\t\t<div class=\"elementor-widget-wrap elementor-element-populated\">\n\t\t\t\t\t\t<div class=\"elementor-element elementor-element-8196d9e elementor-view-default elementor-position-block-start elementor-mobile-position-block-start elementor-widget elementor-widget-icon-box\" data-id=\"8196d9e\" data-element_type=\"widget\" data-widget_type=\"icon-box.default\">\n\t\t\t\t<div class=\"elementor-widget-container\">\n\t\t\t\t\t\t\t<div class=\"elementor-icon-box-wrapper\">\n\n\t\t\t\t\t\t<div class=\"elementor-icon-box-icon\">\n\t\t\t\t<span  class=\"elementor-icon\">\n\t\t\t\t<svg xmlns=\"http:\/\/www.w3.org\/2000\/svg\" width=\"32\" height=\"32\" viewBox=\"0 0 32 32\"><title>wallet<\/title><path d=\"M28 14.4h-0.8v-4c0-1.323-1.077-2.4-2.4-2.4h-4v-7.2c0-0.442-0.358-0.8-0.8-0.8h-16c-0.442 0-0.8 0.358-0.8 0.8v7.28c-1.824 0.371-3.2 1.987-3.2 3.92v17.6c0 1.323 1.077 2.4 2.4 2.4h25.6c1.323 0 2.4-1.077 2.4-2.4v-12.8c0-1.323-1.077-2.4-2.4-2.4zM4.8 1.6h14.4v9.6h-14.4v-9.6zM3.2 9.738v2.262c0 0.442 0.358 0.8 0.8 0.8h19.2c0.442 0 0.8-0.358 0.8-0.8s-0.358-0.8-0.8-0.8h-2.4v-1.6h4c0.442 0 0.8 0.358 0.8 0.8v4h-21.6c-1.323 0-2.4-1.077-2.4-2.4 0-1.043 0.669-1.933 1.6-2.262zM28.8 29.6c0 0.442-0.358 0.8-0.8 0.8h-25.6c-0.442 0-0.8-0.358-0.8-0.8v-14.402c0.669 0.504 1.501 0.802 2.4 0.802h24c0.442 0 0.8 0.358 0.8 0.8v12.8zM16.8 4.8h-0.8v-0.8c0-0.442-0.358-0.8-0.8-0.8h-3.2c-0.442 0-0.8 0.358-0.8 0.8v2.4h-1.6v-2.4c0-0.442-0.358-0.8-0.8-0.8s-0.8 0.358-0.8 0.8v0.8h-0.8c-0.442 0-0.8 0.358-0.8 0.8s0.358 0.8 0.8 0.8h0.8v0.8c0 0.442 0.358 0.8 0.8 0.8h3.2c0.442 0 0.8-0.358 0.8-0.8v-2.4h1.6v2.4c0 0.442 0.358 0.8 0.8 0.8s0.8-0.358 0.8-0.8v-0.8h0.8c0.442 0 0.8-0.358 0.8-0.8s-0.358-0.8-0.8-0.8zM26.4 28.8h-6.4c-0.442 0-0.8-0.358-0.8-0.8s0.358-0.8 0.8-0.8h6.4c0.442 0 0.8 0.358 0.8 0.8s-0.358 0.8-0.8 0.8z\"><\/path><\/svg>\t\t\t\t<\/span>\n\t\t\t<\/div>\n\t\t\t\n\t\t\t\t\t\t<div class=\"elementor-icon-box-content\">\n\n\t\t\t\t\n\t\t\t\t\t\t\t\t\t<p class=\"elementor-icon-box-description\">\n\t\t\t\t\t\tTe conseguimos la mejor hipoteca\t\t\t\t\t<\/p>\n\t\t\t\t\n\t\t\t<\/div>\n\t\t\t\n\t\t<\/div>\n\t\t\t\t\t\t<\/div>\n\t\t\t\t<\/div>\n\t\t\t\t\t<\/div>\n\t\t<\/div>\n\t\t\t\t\t<\/div>\n\t\t<\/section>\n\t\t\t\t\t<\/div>\n\t\t<\/div>\n\t\t\t\t\t<\/div>\n\t\t<\/section>\n\t\t\t\t<section class=\"elementor-section elementor-top-section elementor-element elementor-element-8e2344b elementor-section-boxed elementor-section-height-default elementor-section-height-default\" data-id=\"8e2344b\" data-element_type=\"section\" data-settings=\"{&quot;background_background&quot;:&quot;classic&quot;}\">\n\t\t\t\t\t\t<div class=\"elementor-container elementor-column-gap-default\">\n\t\t\t\t\t<div class=\"elementor-column elementor-col-100 elementor-top-column elementor-element elementor-element-25b9648\" data-id=\"25b9648\" data-element_type=\"column\">\n\t\t\t<div class=\"elementor-widget-wrap elementor-element-populated\">\n\t\t\t\t\t\t<div class=\"elementor-element elementor-element-f7bba1b titolcentrat elementor-widget elementor-widget-heading\" data-id=\"f7bba1b\" data-element_type=\"widget\" data-widget_type=\"heading.default\">\n\t\t\t\t<div class=\"elementor-widget-container\">\n\t\t\t\t\t<h3 class=\"elementor-heading-title elementor-size-default\">Nuestro trabajo<\/h3>\t\t\t\t<\/div>\n\t\t\t\t<\/div>\n\t\t\t\t<section class=\"elementor-section elementor-inner-section elementor-element elementor-element-4714280 elementor-section-boxed elementor-section-height-default elementor-section-height-default\" data-id=\"4714280\" data-element_type=\"section\">\n\t\t\t\t\t\t<div class=\"elementor-container elementor-column-gap-default\">\n\t\t\t\t\t<div class=\"elementor-column elementor-col-50 elementor-inner-column elementor-element elementor-element-82500fe\" data-id=\"82500fe\" data-element_type=\"column\">\n\t\t\t<div class=\"elementor-widget-wrap elementor-element-populated\">\n\t\t\t\t\t\t<div class=\"elementor-element elementor-element-75ae237 elementor-widget elementor-widget-heading\" data-id=\"75ae237\" data-element_type=\"widget\" data-widget_type=\"heading.default\">\n\t\t\t\t<div class=\"elementor-widget-container\">\n\t\t\t\t\t<h2 class=\"elementor-heading-title elementor-size-default\">Intermediaci\u00f3n<\/h2>\t\t\t\t<\/div>\n\t\t\t\t<\/div>\n\t\t\t\t<div class=\"elementor-element elementor-element-35ce352 elementor-widget elementor-widget-text-editor\" data-id=\"35ce352\" data-element_type=\"widget\" data-widget_type=\"text-editor.default\">\n\t\t\t\t<div class=\"elementor-widget-container\">\n\t\t\t\t\t\t\t\t\t<p>Para que nuestros clientes obtengan las mejores condiciones hipotecarias del mercado cuando quieran adquirir un inmueble, se las ofrecemos el servicio de intermediaci\u00f3n con un asesor financiero que analizar\u00e1 todo el proceso y detectar\u00e1 las mejores soluciones de compra.<\/p>\n\t\t\t\t\t\t\t\t<\/div>\n\t\t\t\t<\/div>\n\t\t\t\t\t<\/div>\n\t\t<\/div>\n\t\t\t\t<div class=\"elementor-column elementor-col-50 elementor-inner-column elementor-element elementor-element-96cd16a\" data-id=\"96cd16a\" data-element_type=\"column\">\n\t\t\t<div class=\"elementor-widget-wrap elementor-element-populated\">\n\t\t\t\t\t\t<div class=\"elementor-element elementor-element-90d3464 elementor-widget elementor-widget-heading\" data-id=\"90d3464\" data-element_type=\"widget\" data-widget_type=\"heading.default\">\n\t\t\t\t<div class=\"elementor-widget-container\">\n\t\t\t\t\t<h2 class=\"elementor-heading-title elementor-size-default\">Eficacia<\/h2>\t\t\t\t<\/div>\n\t\t\t\t<\/div>\n\t\t\t\t<div class=\"elementor-element elementor-element-3532ae1 elementor-widget elementor-widget-text-editor\" data-id=\"3532ae1\" data-element_type=\"widget\" data-widget_type=\"text-editor.default\">\n\t\t\t\t<div class=\"elementor-widget-container\">\n\t\t\t\t\t\t\t\t\t<p>Nuestro objetivo es completar todos los comercios de compraventa de la manera m\u00e1s eficiente y exitosa posible; gracias al trabajo de nuestros asesores financieros que buscar\u00e1n la mejor financiaci\u00f3n de la finca en cuesti\u00f3n.<\/p>\n\t\t\t\t\t\t\t\t<\/div>\n\t\t\t\t<\/div>\n\t\t\t\t\t<\/div>\n\t\t<\/div>\n\t\t\t\t\t<\/div>\n\t\t<\/section>\n\t\t\t\t<div class=\"elementor-element elementor-element-585caf1 elementor-hidden-phone elementor-widget elementor-widget-spacer\" data-id=\"585caf1\" data-element_type=\"widget\" data-widget_type=\"spacer.default\">\n\t\t\t\t<div class=\"elementor-widget-container\">\n\t\t\t\t\t\t\t<div class=\"elementor-spacer\">\n\t\t\t<div class=\"elementor-spacer-inner\"><\/div>\n\t\t<\/div>\n\t\t\t\t\t\t<\/div>\n\t\t\t\t<\/div>\n\t\t\t\t<div class=\"elementor-element elementor-element-bf60084 elementor-widget elementor-widget-text-editor\" data-id=\"bf60084\" data-element_type=\"widget\" data-widget_type=\"text-editor.default\">\n\t\t\t\t<div class=\"elementor-widget-container\">\n\t\t\t\t\t\t\t\t\t<p>Proponemos <strong>las mejores condiciones financieras<\/strong> tanto a particulares, profesionales e inmobiliarias, en todos nuestros servicios y en el menor tiempo posible.<\/p>\n\t\t\t\t\t\t\t\t<\/div>\n\t\t\t\t<\/div>\n\t\t\t\t\t<\/div>\n\t\t<\/div>\n\t\t\t\t\t<\/div>\n\t\t<\/section>\n\t\t\t\t<\/div>\n\t\t","protected":false},"excerpt":{"rendered":"<p>Sobre nosotros Soluci\u00f3 Financera somos un centro hipotecario con m\u00e1s de 10 a\u00f1os de experiencia en el sector inmobiliario. Nuestra visi\u00f3n se basa en ofrecer el servicio m\u00e1s innovador, exclusivo y personalizado que mejor se adapte a nuestros clientes. Como su nombre indica, ofrecemos las soluciones financieras que mejor se adaptan a las necesidades espec\u00edficas [&hellip;]<\/p>\n","protected":false},"author":1,"featured_media":0,"parent":0,"menu_order":0,"comment_status":"closed","ping_status":"closed","template":"","meta":{"footnotes":""},"class_list":["post-716","page","type-page","status-publish","hentry"],"_links":{"self":[{"href":"https:\/\/soluciofinancera.com\/es\/wp-json\/wp\/v2\/pages\/716","targetHints":{"allow":["GET"]}}],"collection":[{"href":"https:\/\/soluciofinancera.com\/es\/wp-json\/wp\/v2\/pages"}],"about":[{"href":"https:\/\/soluciofinancera.com\/es\/wp-json\/wp\/v2\/types\/page"}],"author":[{"embeddable":true,"href":"https:\/\/soluciofinancera.com\/es\/wp-json\/wp\/v2\/users\/1"}],"replies":[{"embeddable":true,"href":"https:\/\/soluciofinancera.com\/es\/wp-json\/wp\/v2\/comments?post=716"}],"version-history":[{"count":2,"href":"https:\/\/soluciofinancera.com\/es\/wp-json\/wp\/v2\/pages\/716\/revisions"}],"predecessor-version":[{"id":719,"href":"https:\/\/soluciofinancera.com\/es\/wp-json\/wp\/v2\/pages\/716\/revisions\/719"}],"wp:attachment":[{"href":"https:\/\/soluciofinancera.com\/es\/wp-json\/wp\/v2\/media?parent=716"}],"curies":[{"name":"wp","href":"https:\/\/api.w.org\/{rel}","templated":true}]}}